{"id":9066,"date":"2021-04-28T10:37:32","date_gmt":"2021-04-28T07:37:32","guid":{"rendered":"https:\/\/cavatzortzatos.gr\/product\/aberlour-12-years-old-cask-matured\/"},"modified":"2024-09-16T12:38:22","modified_gmt":"2024-09-16T09:38:22","slug":"aberlour-12-years-old-cask-matured-700ml","status":"publish","type":"product","link":"https:\/\/cavatzortzatos.srv6.eatest.eu\/en\/product\/aberlour-12-years-old-cask-matured-700ml\/","title":{"rendered":"Aberlour 12 Years Old Cask Matured 700ml"},"content":{"rendered":"<p>Aberlour 12 Years Old Cask Matured has a nose of sweet and spicy aromas with a pronounced alcohol presence. It reveals notes of orange, strawberry, and dried apricots, with underlying scents of oak, brown sugar, and a hint of hay. On the palate, it offers a robust and full-bodied experience with a perfect balance between sweetness and spices, featuring flavors of dried apricots, orange, cr\u00e8me br\u00fbl\u00e9e, fresh oak, cinnamon, and coffee. The finish is medium in length, fruity-spicy, with slightly bitter orange marmalade, a touch of nut, and espresso, ending with dry oak.   <\/p>\n","protected":false},"excerpt":{"rendered":"<p>Aberlour 12 Years Old Cask Matured has a nose of sweet and spicy aromas with a pronounced alcohol presence. It reveals notes of orange, strawberry, and dried apricots, with underlying scents of oak, brown sugar, and a hint of hay. On the palate, it offers a robust and full-bodied experience with a perfect balance between [&hellip;]<\/p>\n","protected":false},"featured_media":18704,"comment_status":"open","ping_status":"closed","template":"","meta":{"_acf_changed":false},"product_brand":[],"product_cat":[1662,1684,1690],"product_tag":[],"class_list":{"0":"post-9066","1":"product","2":"type-product","3":"status-publish","4":"has-post-thumbnail","6":"product_cat-drinks","7":"product_cat-whisky-en","8":"product_cat-malts-en","9":"pa_alkoolikoi-vathmoi-40-en","10":"pa_brand-aberlour-en","11":"pa_periexomeno-fialis-700ml-en","12":"pa_typos-malt-en","13":"pa_xora-proelefsis-scotland","15":"first","16":"outofstock","17":"shipping-taxable","18":"purchasable","19":"product-type-simple","20":"add-to-wishlist-before_image"},"acf":[],"_links":{"self":[{"href":"https:\/\/cavatzortzatos.srv6.eatest.eu\/en\/wp-json\/wp\/v2\/product\/9066","targetHints":{"allow":["GET"]}}],"collection":[{"href":"https:\/\/cavatzortzatos.srv6.eatest.eu\/en\/wp-json\/wp\/v2\/product"}],"about":[{"href":"https:\/\/cavatzortzatos.srv6.eatest.eu\/en\/wp-json\/wp\/v2\/types\/product"}],"replies":[{"embeddable":true,"href":"https:\/\/cavatzortzatos.srv6.eatest.eu\/en\/wp-json\/wp\/v2\/comments?post=9066"}],"wp:featuredmedia":[{"embeddable":true,"href":"https:\/\/cavatzortzatos.srv6.eatest.eu\/en\/wp-json\/wp\/v2\/media\/18704"}],"wp:attachment":[{"href":"https:\/\/cavatzortzatos.srv6.eatest.eu\/en\/wp-json\/wp\/v2\/media?parent=9066"}],"wp:term":[{"taxonomy":"product_brand","embeddable":true,"href":"https:\/\/cavatzortzatos.srv6.eatest.eu\/en\/wp-json\/wp\/v2\/product_brand?post=9066"},{"taxonomy":"product_cat","embeddable":true,"href":"https:\/\/cavatzortzatos.srv6.eatest.eu\/en\/wp-json\/wp\/v2\/product_cat?post=9066"},{"taxonomy":"product_tag","embeddable":true,"href":"https:\/\/cavatzortzatos.srv6.eatest.eu\/en\/wp-json\/wp\/v2\/product_tag?post=9066"}],"curies":[{"name":"wp","href":"https:\/\/api.w.org\/{rel}","templated":true}]}}